{"id":18,"date":"2018-02-18T22:27:09","date_gmt":"2018-02-18T22:27:09","guid":{"rendered":"http:\/\/kommunikation-in-aktion.de\/?page_id=18"},"modified":"2018-02-20T17:11:10","modified_gmt":"2018-02-20T17:11:10","slug":"hereinspaziert","status":"publish","type":"page","link":"https:\/\/kommunikation-in-aktion.de\/","title":{"rendered":"Startseite"},"content":{"rendered":"<h1><span style=\"color: #ff0000;\">Guten Tag und herzlich willkommen!<\/span><\/h1>\n<h2>\u201eIch benutze nicht nur das Gehirn, das ich besitze, sondern borge mir noch zus\u00e4tzlich, was ich bekommen kann.\u201c<\/h2>\n<p style=\"text-align: right;\">Thomas Woodrow Wilson<\/p>\n<p>Stecken Sie in einem Konflikt, in einer schwierigen Situation, die sich verh\u00e4rtet, zu eskalieren droht oder das bereits getan hat?<strong><img loading=\"lazy\" decoding=\"async\" class=\"wp-image-62 size-medium alignright\" src=\"http:\/\/kommunikation-in-aktion.de\/wp-content\/uploads\/2018\/02\/Foto_Beate_2_Mediation-273x300.jpg\" alt=\"\" width=\"273\" height=\"300\" srcset=\"https:\/\/kommunikation-in-aktion.de\/wp-content\/uploads\/2018\/02\/Foto_Beate_2_Mediation-273x300.jpg 273w, https:\/\/kommunikation-in-aktion.de\/wp-content\/uploads\/2018\/02\/Foto_Beate_2_Mediation.jpg 500w\" sizes=\"auto, (max-width: 273px) 100vw, 273px\" \/><\/strong><\/p>\n<p>Dann kann ich Ihnen in einer <strong>Mediation<\/strong> oder in einem <strong>mediativen Einzelgespr\u00e4ch<\/strong> meine Unterst\u00fctzung anbieten:<br \/>\nmit Herz und Hirn.<br \/>\nIch bin Beate Schmitz, 51 Jahre alt, wohne in Stegen und bin ausgebildete Mediatorin.<\/p>\n<p><span style=\"color: #ff0000;\"><strong>Was?<\/strong><\/span> Eine <strong>Mediation<\/strong> bietet Ihnen die M\u00f6glichkeit mit meiner Hilfe, also mithilfe einer dritten, unparteiischen Person, in einem strukturierten Prozess den Konflikt neu zu betrachten. Der Konflikt wird dabei klar benannt und die Bed\u00fcrfnisse aller Beteiligten werden herausgearbeitet, sodass gemeinsam eine tragf\u00e4hige und von allen Seiten akzeptierte L\u00f6sung entwickelt werden kann.<\/p>\n<p><span style=\"color: #ff0000;\"><strong>Wie?<\/strong><\/span> Als Mediatorin unterst\u00fctze ich dabei alle Parteien gleicher-ma\u00dfen, sorge f\u00fcr einen respektvollen Umgang und eine Atmos-<br \/>\nph\u00e4re, in der Bed\u00fcrfnisse und Interessen offen ausgesprochen werden k\u00f6nnen. Selbstverst\u00e4ndlich werden alle Informationen von mir vertraulich behandelt.<br \/>\nEine Mediation kann allerdings nur erfolgreich sein, wenn alle<br \/>\nBeteiligten an einer Kl\u00e4rung interessiert sind und sich freiwillig auf den Mediationsprozess einlassen.<\/p>\n<p><span style=\"color: #ff0000;\"><strong>Und jetzt?<\/strong> <\/span>Gerne beantworte ich Ihre Fragen und gebe Ihnen weitere Informationen in einem unverbindlichen Telefonat.<br \/>\nSie erreichen mich unter 07661\/3904015 oder per Mail unter<br \/>\n<a href=\"mailto:Beate.Schmitz@kommunikation-in-aktion.de\">Beate.Schmitz@kommunikation-in-aktion.de<\/a>.<\/p>\n<p style=\"text-align: left;\"><span style=\"color: #999999;\"><span style=\"color: #000000;\">\u00a0<\/span><\/span><\/p>\n","protected":false},"excerpt":{"rendered":"<p>Guten Tag und herzlich willkommen! \u201eIch benutze nicht nur das Gehirn, das ich besitze, sondern borge mir noch zus\u00e4tzlich, was ich bekommen kann.\u201c Thomas Woodrow Wilson Stecken Sie in einem Konflikt, in einer schwierigen Situation, die sich verh\u00e4rtet, zu eskalieren droht oder das bereits getan hat? Dann kann ich Ihnen in einer Mediation oder in &hellip; <\/p>\n<p class=\"link-more\"><a href=\"https:\/\/kommunikation-in-aktion.de\/\" class=\"more-link\"><span class=\"screen-reader-text\">\u201eStartseite\u201c <\/span>weiterlesen<\/a><\/p>\n","protected":false},"author":1,"featured_media":0,"parent":0,"menu_order":0,"comment_status":"closed","ping_status":"closed","template":"","meta":{"footnotes":""},"class_list":["post-18","page","type-page","status-publish","hentry"],"_links":{"self":[{"href":"https:\/\/kommunikation-in-aktion.de\/index.php?rest_route=\/wp\/v2\/pages\/18","targetHints":{"allow":["GET"]}}],"collection":[{"href":"https:\/\/kommunikation-in-aktion.de\/index.php?rest_route=\/wp\/v2\/pages"}],"about":[{"href":"https:\/\/kommunikation-in-aktion.de\/index.php?rest_route=\/wp\/v2\/types\/page"}],"author":[{"embeddable":true,"href":"https:\/\/kommunikation-in-aktion.de\/index.php?rest_route=\/wp\/v2\/users\/1"}],"replies":[{"embeddable":true,"href":"https:\/\/kommunikation-in-aktion.de\/index.php?rest_route=%2Fwp%2Fv2%2Fcomments&post=18"}],"version-history":[{"count":13,"href":"https:\/\/kommunikation-in-aktion.de\/index.php?rest_route=\/wp\/v2\/pages\/18\/revisions"}],"predecessor-version":[{"id":63,"href":"https:\/\/kommunikation-in-aktion.de\/index.php?rest_route=\/wp\/v2\/pages\/18\/revisions\/63"}],"wp:attachment":[{"href":"https:\/\/kommunikation-in-aktion.de\/index.php?rest_route=%2Fwp%2Fv2%2Fmedia&parent=18"}],"curies":[{"name":"wp","href":"https:\/\/api.w.org\/{rel}","templated":true}]}}